{"id":460,"date":"2024-07-08T13:45:47","date_gmt":"2024-07-08T11:45:47","guid":{"rendered":"https:\/\/amz.zzagentur.de\/impressum\/"},"modified":"2024-08-16T11:11:49","modified_gmt":"2024-08-16T09:11:49","slug":"impressum","status":"publish","type":"page","link":"https:\/\/hausarzt-loebtau.de\/en\/impressum\/","title":{"rendered":"Impressum"},"content":{"rendered":"\n<h2 class=\"wp-block-heading\">IMPRESSUM<\/h2>\n\n<h4 class=\"wp-block-heading\">KONTAKTDATEN<\/h4>\n\n<p>Dr. med Tom Rosin&#13;\nAllgemeinmedizinisches Zentrum L\u00f6btau&#13;\nGr\u00f6belstra\u00dfe 17&#13;\n01159 Dresden&#13;\nTel.: 0351 44812400&#13;\nE-Mail: info@hausarzt-loebtau.de<\/p>\n\n<h4 class=\"wp-block-heading\">ZUST\u00c4NDIGE LANDES\u00c4RZTEKAMMER (AUFSICHTSBEH\u00d6RDE)<\/h4>\n\n<p>S\u00e4chsische Landes\u00e4rztekammer&#13;\nSch\u00fctzenh\u00f6he 16&#13;\n01099 Dresden<\/p>\n\n<p><a href=\"http:\/\/www.slaek.de\/de\/05\/aufgaben\/Berufsordnung.php\" target=\"_blank\" rel=\"noreferrer noopener\">Zur Berufsordnung\u00a0<\/a><\/p>\n\n<h4 class=\"wp-block-heading\">ZUST\u00c4NDIGE KASSEN\u00c4RZTLICHE VEREINIGUNG<\/h4>\n\n<p>Kassen\u00e4rztliche Vereinigung Sachsen&#13;\nSch\u00fctzenh\u00f6he 12&#13;\n01099 Dresden<\/p>\n\n<h4 class=\"wp-block-heading\">BERUFSBEZEICHNUNG<\/h4>\n\n<p>Arzt, verliehen in der Bundesrepublik Deutschland<\/p>\n\n<h4 class=\"wp-block-heading\">FOTOS<\/h4>\n\n<p><a href=\"https:\/\/www.schmidt.fm\/\" data-type=\"link\" data-id=\"https:\/\/www.schmidt.fm\/\">Michael Schmidt<\/a>, <a href=\"https:\/\/gerritmeier.de\/\">Gerrit Meier<\/a>, <a href=\"https:\/\/zzagentur.de\/\">Z&amp;Z Agentur Dresden<\/a><\/p>\n\n<h4 class=\"wp-block-heading\">HAFTUNG F\u00dcR INHALTE<\/h4>\n\n<p>Die Inhalte unserer Seiten wurden mit gr\u00f6\u00dfter Sorgfalt erstellt. F\u00fcr die Richtigkeit, Vollst\u00e4ndigkeit und Aktualit\u00e4t der Inhalte k\u00f6nnen wir jedoch keine Gew\u00e4hr \u00fcbernehmen. Als Diensteanbieter sind wir gem\u00e4\u00df \u00a7 7 Abs.1 TMG f\u00fcr eigene Inhalte auf diesen Seiten nach den allgemeinen Gesetzen verantwortlich. Nach \u00a7\u00a7 8 bis 10 TMG sind wir als Diensteanbieter jedoch nicht verpflichtet, \u00fcbermittelte oder gespeicherte fremde Informationen zu \u00fcberwachen oder nach Umst\u00e4nden zu forschen, die auf eine rechtswidrige T\u00e4tigkeit hinweisen. Verpflichtungen zur Entfernung oder Sperrung der Nutzung von Informationen nach den allgemeinen Gesetzen bleiben hiervon unber\u00fchrt. Eine diesbez\u00fcgliche Haftung ist jedoch erst ab dem Zeitpunkt der Kenntnis einer konkreten Rechtsverletzung m\u00f6glich. Bei Bekanntwerden von entsprechenden Rechtsverletzungen werden wir diese Inhalte umgehend entfernen.<\/p>\n\n<h4 class=\"wp-block-heading\">URHEBERRECHT<\/h4>\n\n<p>Die durch die Seitenbetreiber erstellten Inhalte und Werke auf diesen Seiten unterliegen dem deutschen Urheberrecht. Die Vervielf\u00e4ltigung, Bearbeitung, Verbreitung und jede Art der Verwertung au\u00dferhalb der Grenzen des Urheberrechtes bed\u00fcrfen der schriftlichen Zustimmung des jeweiligen Autors bzw. Erstellers. Downloads und Kopien dieser Seite sind nur f\u00fcr den privaten, nicht kommerziellen Gebrauch gestattet. Soweit die Inhalte auf dieser Seite nicht vom Betreiber erstellt wurden, werden die Urheberrechte Dritter beachtet. Insbesondere werden Inhalte Dritter als solche gekennzeichnet. Sollten Sie trotzdem auf eine Urheberrechtsverletzung aufmerksam werden, bitten wir um einen entsprechenden Hinweis. Bei Bekanntwerden von Rechtsverletzungen werden wir derartige Inhalte umgehend entfernen.<\/p>\n\n<p>Zur Alternativen Streitbeilegung gem\u00e4\u00df Art. 14 Abs. 1 ODR-VO und \u00a7 36 VSBG: Die Europ\u00e4ische Kommission stellt unter http\/\/ec.europa.eu\/consumers\/odr eine Plattform zur Online-Streitbeilegung (OS) bereit. Wir sind zur Teilnahme an einem Streitbeilegungsverfahren nach dem Verbraucherstreitbeilegungsgesetz (VSBG) nicht verpflichtet und auch nicht dazu bereit. Unsere E-Mailadresse f\u00fcr Kontaktanfragen lautet: info (at) hausarzt-loebtau.de.<\/p>\n","protected":false},"excerpt":{"rendered":"<p>IMPRESSUM KONTAKTDATEN Dr. med Tom Rosin&#13; Allgemeinmedizinisches Zentrum L\u00f6btau&#13; Gr\u00f6belstra\u00dfe 17&#13; 01159 Dresden&#13; Tel.: 0351 44812400&#13; E-Mail: info@hausarzt-loebtau.de ZUST\u00c4NDIGE LANDES\u00c4RZTEKAMMER (AUFSICHTSBEH\u00d6RDE) S\u00e4chsische Landes\u00e4rztekammer&#13; Sch\u00fctzenh\u00f6he 16&#13; 01099 Dresden Zur Berufsordnung\u00a0 ZUST\u00c4NDIGE KASSEN\u00c4RZTLICHE VEREINIGUNG Kassen\u00e4rztliche Vereinigung Sachsen&#13; Sch\u00fctzenh\u00f6he 12&#13; 01099 Dresden BERUFSBEZEICHNUNG Arzt, verliehen in der Bundesrepublik Deutschland FOTOS Michael Schmidt, Gerrit Meier, Z&amp;Z Agentur Dresden HAFTUNG [&hellip;]<\/p>\n","protected":false},"author":1,"featured_media":0,"parent":0,"menu_order":0,"comment_status":"closed","ping_status":"closed","template":"","meta":{"_acf_changed":false,"inline_featured_image":false,"footnotes":""},"class_list":["post-460","page","type-page","status-publish","hentry"],"acf":[],"_links":{"self":[{"href":"https:\/\/hausarzt-loebtau.de\/en\/wp-json\/wp\/v2\/pages\/460","targetHints":{"allow":["GET"]}}],"collection":[{"href":"https:\/\/hausarzt-loebtau.de\/en\/wp-json\/wp\/v2\/pages"}],"about":[{"href":"https:\/\/hausarzt-loebtau.de\/en\/wp-json\/wp\/v2\/types\/page"}],"author":[{"embeddable":true,"href":"https:\/\/hausarzt-loebtau.de\/en\/wp-json\/wp\/v2\/users\/1"}],"replies":[{"embeddable":true,"href":"https:\/\/hausarzt-loebtau.de\/en\/wp-json\/wp\/v2\/comments?post=460"}],"version-history":[{"count":2,"href":"https:\/\/hausarzt-loebtau.de\/en\/wp-json\/wp\/v2\/pages\/460\/revisions"}],"predecessor-version":[{"id":492,"href":"https:\/\/hausarzt-loebtau.de\/en\/wp-json\/wp\/v2\/pages\/460\/revisions\/492"}],"wp:attachment":[{"href":"https:\/\/hausarzt-loebtau.de\/en\/wp-json\/wp\/v2\/media?parent=460"}],"curies":[{"name":"wp","href":"https:\/\/api.w.org\/{rel}","templated":true}]}}